{"id":552,"date":"2025-11-22T04:46:25","date_gmt":"2025-11-22T03:46:25","guid":{"rendered":"https:\/\/plemhouse.com\/?page_id=552"},"modified":"2026-03-10T13:45:58","modified_gmt":"2026-03-10T12:45:58","slug":"contact","status":"publish","type":"page","link":"https:\/\/plemhouse.com\/?page_id=552","title":{"rendered":"contact"},"content":{"rendered":"\t\t<div data-elementor-type=\"wp-page\" data-elementor-id=\"552\" class=\"elementor elementor-552\">\n\t\t\t\t<div class=\"elementor-element elementor-element-7555a22 e-flex e-con-boxed e-con e-parent\" data-id=\"7555a22\" data-element_type=\"container\" data-e-type=\"container\">\n\t\t\t\t\t<div class=\"e-con-inner\">\n\t\t\t\t<div class=\"elementor-element elementor-element-e4275b1 elementor-widget elementor-widget-spacer\" data-id=\"e4275b1\" data-element_type=\"widget\" data-e-type=\"widget\" data-widget_type=\"spacer.default\">\n\t\t\t\t\t\t\t<div class=\"elementor-spacer\">\n\t\t\t<div class=\"elementor-spacer-inner\"><\/div>\n\t\t<\/div>\n\t\t\t\t\t\t<\/div>\n\t\t\t\t\t<\/div>\n\t\t\t\t<\/div>\n\t\t<div class=\"elementor-element elementor-element-bbfae11 e-con-full e-flex e-con e-parent\" data-id=\"bbfae11\" data-element_type=\"container\" data-e-type=\"container\" data-settings=\"{&quot;background_background&quot;:&quot;classic&quot;}\">\n\t\t<div class=\"elementor-element elementor-element-6f33c02 e-con-full e-flex e-con e-child\" data-id=\"6f33c02\" data-element_type=\"container\" data-e-type=\"container\">\n\t\t\t\t<div class=\"elementor-element elementor-element-132b6e8 elementor-widget__width-initial elementor-widget elementor-widget-image\" data-id=\"132b6e8\" data-element_type=\"widget\" data-e-type=\"widget\" data-widget_type=\"image.default\">\n\t\t\t\t\t\t\t\t\t\t\t\t\t\t\t<img fetchpriority=\"high\" decoding=\"async\" width=\"800\" height=\"800\" src=\"https:\/\/plemhouse.com\/wp-content\/uploads\/2026\/01\/PLEM-72.svg\" class=\"attachment-large size-large wp-image-1817\" alt=\"\" srcset=\"https:\/\/plemhouse.com\/wp-content\/uploads\/2026\/01\/PLEM-72.svg 100w, https:\/\/plemhouse.com\/wp-content\/uploads\/2026\/01\/PLEM-72.svg 1w, https:\/\/plemhouse.com\/wp-content\/uploads\/2026\/01\/PLEM-72.svg 150w, https:\/\/plemhouse.com\/wp-content\/uploads\/2026\/01\/PLEM-72.svg 300w, https:\/\/plemhouse.com\/wp-content\/uploads\/2026\/01\/PLEM-72.svg 1024w, https:\/\/plemhouse.com\/wp-content\/uploads\/2026\/01\/PLEM-72.svg 1536w, https:\/\/plemhouse.com\/wp-content\/uploads\/2026\/01\/PLEM-72.svg 2048w\" sizes=\"(max-width: 800px) 100vw, 800px\" \/>\t\t\t\t\t\t\t\t\t\t\t\t\t\t\t<\/div>\n\t\t\t\t<\/div>\n\t\t<div class=\"elementor-element elementor-element-c066d64 e-con-full e-flex e-con e-child\" data-id=\"c066d64\" data-element_type=\"container\" data-e-type=\"container\">\n\t\t\t\t<\/div>\n\t\t<div class=\"elementor-element elementor-element-a579e8b e-con-full e-flex e-con e-child\" data-id=\"a579e8b\" data-element_type=\"container\" data-e-type=\"container\" data-settings=\"{&quot;background_background&quot;:&quot;classic&quot;}\">\n\t\t\t\t<div class=\"elementor-element elementor-element-344cdd3 e-transform elementor-widget elementor-widget-image\" data-id=\"344cdd3\" data-element_type=\"widget\" data-e-type=\"widget\" data-settings=\"{&quot;_transform_rotateZ_effect&quot;:{&quot;unit&quot;:&quot;px&quot;,&quot;size&quot;:4,&quot;sizes&quot;:[]},&quot;_transform_rotateZ_effect_tablet&quot;:{&quot;unit&quot;:&quot;deg&quot;,&quot;size&quot;:&quot;&quot;,&quot;sizes&quot;:[]},&quot;_transform_rotateZ_effect_mobile&quot;:{&quot;unit&quot;:&quot;deg&quot;,&quot;size&quot;:&quot;&quot;,&quot;sizes&quot;:[]}}\" data-widget_type=\"image.default\">\n\t\t\t\t\t\t\t\t\t\t\t\t\t\t\t<img decoding=\"async\" width=\"800\" height=\"800\" src=\"https:\/\/plemhouse.com\/wp-content\/uploads\/2026\/01\/PLEM-46.svg\" class=\"attachment-large size-large wp-image-1806\" alt=\"\" srcset=\"https:\/\/plemhouse.com\/wp-content\/uploads\/2026\/01\/PLEM-46.svg 100w, https:\/\/plemhouse.com\/wp-content\/uploads\/2026\/01\/PLEM-46.svg 1w, https:\/\/plemhouse.com\/wp-content\/uploads\/2026\/01\/PLEM-46.svg 150w, https:\/\/plemhouse.com\/wp-content\/uploads\/2026\/01\/PLEM-46.svg 300w, https:\/\/plemhouse.com\/wp-content\/uploads\/2026\/01\/PLEM-46.svg 1024w, https:\/\/plemhouse.com\/wp-content\/uploads\/2026\/01\/PLEM-46.svg 1536w, https:\/\/plemhouse.com\/wp-content\/uploads\/2026\/01\/PLEM-46.svg 2048w\" sizes=\"(max-width: 800px) 100vw, 800px\" \/>\t\t\t\t\t\t\t\t\t\t\t\t\t\t\t<\/div>\n\t\t\t\t<\/div>\n\t\t\t\t<\/div>\n\t\t<div class=\"elementor-element elementor-element-5ec6b844 e-flex e-con-boxed e-con e-parent\" data-id=\"5ec6b844\" data-element_type=\"container\" data-e-type=\"container\">\n\t\t\t\t\t<div class=\"e-con-inner\">\n\t\t\t\t<div class=\"elementor-element elementor-element-14c7c739 elementor-widget elementor-widget-spacer\" data-id=\"14c7c739\" data-element_type=\"widget\" data-e-type=\"widget\" data-widget_type=\"spacer.default\">\n\t\t\t\t\t\t\t<div class=\"elementor-spacer\">\n\t\t\t<div class=\"elementor-spacer-inner\"><\/div>\n\t\t<\/div>\n\t\t\t\t\t\t<\/div>\n\t\t\t\t\t<\/div>\n\t\t\t\t<\/div>\n\t\t<div class=\"elementor-element elementor-element-4ac9cbc e-flex e-con-boxed e-con e-parent\" data-id=\"4ac9cbc\" data-element_type=\"container\" data-e-type=\"container\">\n\t\t\t\t\t<div class=\"e-con-inner\">\n\t\t<div class=\"elementor-element elementor-element-f926596 e-con-full e-flex e-con e-child\" data-id=\"f926596\" data-element_type=\"container\" data-e-type=\"container\">\n\t\t\t\t<div class=\"elementor-element elementor-element-3cb1c64 e-transform elementor-widget elementor-widget-heading\" data-id=\"3cb1c64\" data-element_type=\"widget\" data-e-type=\"widget\" data-settings=\"{&quot;_transform_rotateZ_effect&quot;:{&quot;unit&quot;:&quot;px&quot;,&quot;size&quot;:-90,&quot;sizes&quot;:[]},&quot;_transform_rotateZ_effect_tablet&quot;:{&quot;unit&quot;:&quot;deg&quot;,&quot;size&quot;:&quot;&quot;,&quot;sizes&quot;:[]},&quot;_transform_rotateZ_effect_mobile&quot;:{&quot;unit&quot;:&quot;deg&quot;,&quot;size&quot;:&quot;&quot;,&quot;sizes&quot;:[]}}\" data-widget_type=\"heading.default\">\n\t\t\t\t\t<h2 class=\"elementor-heading-title elementor-size-default\">instagram<\/h2>\t\t\t\t<\/div>\n\t\t\t\t<\/div>\n\t\t<div class=\"elementor-element elementor-element-29430e6 e-con-full e-flex e-con e-child\" data-id=\"29430e6\" data-element_type=\"container\" data-e-type=\"container\">\n\t\t\t\t<\/div>\n\t\t\t\t\t<\/div>\n\t\t\t\t<\/div>\n\t\t\t\t<\/div>\n\t\t","protected":false},"excerpt":{"rendered":"<p>instagram plemhouse.co artworks \u00b7 books \u00b7 zines by PLEM DM for inquiries Suivre sur Instagram Ce message d\u2019erreur n\u2019est visible que pour les administrateurs de WordPress Erreur : aucune publication trouv\u00e9e.Assurez-vous que ce compte a des publications disponibles sur instagram.com.Cliquez ici pour r\u00e9soudre les probl\u00e8mes<\/p>\n","protected":false},"author":1,"featured_media":0,"parent":0,"menu_order":0,"comment_status":"closed","ping_status":"closed","template":"elementor_header_footer","meta":{"footnotes":""},"class_list":["post-552","page","type-page","status-publish","hentry"],"_links":{"self":[{"href":"https:\/\/plemhouse.com\/index.php?rest_route=\/wp\/v2\/pages\/552","targetHints":{"allow":["GET"]}}],"collection":[{"href":"https:\/\/plemhouse.com\/index.php?rest_route=\/wp\/v2\/pages"}],"about":[{"href":"https:\/\/plemhouse.com\/index.php?rest_route=\/wp\/v2\/types\/page"}],"author":[{"embeddable":true,"href":"https:\/\/plemhouse.com\/index.php?rest_route=\/wp\/v2\/users\/1"}],"replies":[{"embeddable":true,"href":"https:\/\/plemhouse.com\/index.php?rest_route=%2Fwp%2Fv2%2Fcomments&post=552"}],"version-history":[{"count":0,"href":"https:\/\/plemhouse.com\/index.php?rest_route=\/wp\/v2\/pages\/552\/revisions"}],"wp:attachment":[{"href":"https:\/\/plemhouse.com\/index.php?rest_route=%2Fwp%2Fv2%2Fmedia&parent=552"}],"curies":[{"name":"wp","href":"https:\/\/api.w.org\/{rel}","templated":true}]}}