{"id":507,"date":"2025-11-22T04:09:14","date_gmt":"2025-11-22T03:09:14","guid":{"rendered":"https:\/\/plemhouse.com\/?page_id=507"},"modified":"2026-04-02T16:01:36","modified_gmt":"2026-04-02T14:01:36","slug":"whos-in-da-house","status":"publish","type":"page","link":"https:\/\/plemhouse.com\/?page_id=507","title":{"rendered":"who&rsquo;s in da house"},"content":{"rendered":"\t\t<div data-elementor-type=\"wp-page\" data-elementor-id=\"507\" class=\"elementor elementor-507\">\n\t\t\t\t<div class=\"elementor-element elementor-element-5344778 e-flex e-con-boxed e-con e-parent\" data-id=\"5344778\" data-element_type=\"container\" data-e-type=\"container\">\n\t\t\t\t\t<div class=\"e-con-inner\">\n\t\t\t\t<div class=\"elementor-element elementor-element-fa57f9a elementor-widget__width-initial elementor-widget elementor-widget-image\" data-id=\"fa57f9a\" data-element_type=\"widget\" data-e-type=\"widget\" data-widget_type=\"image.default\">\n\t\t\t\t\t\t\t\t\t\t\t\t\t\t\t<img fetchpriority=\"high\" decoding=\"async\" width=\"800\" height=\"800\" src=\"https:\/\/plemhouse.com\/wp-content\/uploads\/2026\/01\/PLEM-98.svg\" class=\"attachment-large size-large wp-image-1822\" alt=\"\" srcset=\"https:\/\/plemhouse.com\/wp-content\/uploads\/2026\/01\/PLEM-98.svg 100w, https:\/\/plemhouse.com\/wp-content\/uploads\/2026\/01\/PLEM-98.svg 1w, https:\/\/plemhouse.com\/wp-content\/uploads\/2026\/01\/PLEM-98.svg 150w, https:\/\/plemhouse.com\/wp-content\/uploads\/2026\/01\/PLEM-98.svg 300w, https:\/\/plemhouse.com\/wp-content\/uploads\/2026\/01\/PLEM-98.svg 1024w, https:\/\/plemhouse.com\/wp-content\/uploads\/2026\/01\/PLEM-98.svg 1536w, https:\/\/plemhouse.com\/wp-content\/uploads\/2026\/01\/PLEM-98.svg 2048w\" sizes=\"(max-width: 800px) 100vw, 800px\" \/>\t\t\t\t\t\t\t\t\t\t\t\t\t\t\t<\/div>\n\t\t\t\t\t<\/div>\n\t\t\t\t<\/div>\n\t\t<div class=\"elementor-element elementor-element-d2a77aa e-flex e-con-boxed e-con e-parent\" data-id=\"d2a77aa\" data-element_type=\"container\" data-e-type=\"container\" data-settings=\"{&quot;background_background&quot;:&quot;classic&quot;}\">\n\t\t\t\t\t<div class=\"e-con-inner\">\n\t\t<div class=\"elementor-element elementor-element-439f093 e-con-full e-flex e-con e-child\" data-id=\"439f093\" data-element_type=\"container\" data-e-type=\"container\">\n\t\t\t\t<div class=\"elementor-element elementor-element-c301ac6 elementor-widget elementor-widget-image\" data-id=\"c301ac6\" data-element_type=\"widget\" data-e-type=\"widget\" data-widget_type=\"image.default\">\n\t\t\t\t\t\t\t\t\t\t\t\t\t\t\t<img decoding=\"async\" width=\"46\" height=\"31\" src=\"https:\/\/plemhouse.com\/wp-content\/uploads\/2025\/12\/path1.svg\" class=\"attachment-full size-full wp-image-1328\" alt=\"\" srcset=\"https:\/\/plemhouse.com\/wp-content\/uploads\/2025\/12\/path1.svg 1w, https:\/\/plemhouse.com\/wp-content\/uploads\/2025\/12\/path1.svg 46w\" sizes=\"(max-width: 46px) 100vw, 46px\" \/>\t\t\t\t\t\t\t\t\t\t\t\t\t\t\t<\/div>\n\t\t\t\t<div class=\"elementor-element elementor-element-99d625b elementor-widget elementor-widget-heading\" data-id=\"99d625b\" data-element_type=\"widget\" data-e-type=\"widget\" data-widget_type=\"heading.default\">\n\t\t\t\t\t<h2 class=\"elementor-heading-title elementor-size-default\">UN HUMAIN ALTERNATIF<\/h2>\t\t\t\t<\/div>\n\t\t\t\t<\/div>\n\t\t<div class=\"elementor-element elementor-element-d444124 e-con-full e-flex e-con e-child\" data-id=\"d444124\" data-element_type=\"container\" data-e-type=\"container\">\n\t\t\t\t<div class=\"elementor-element elementor-element-40694b8 elementor-widget elementor-widget-text-editor\" data-id=\"40694b8\" data-element_type=\"widget\" data-e-type=\"widget\" data-widget_type=\"text-editor.default\">\n\t\t\t\t\t\t\t\t\t<p><em>Mes cr\u00e9ations refl\u00e8tent l\u2019essence de ma pens\u00e9e en mouvement<\/em><br \/><em>365 est mon premier \u00e9clat d\u2019\u00e2me offert au monde<\/em><br \/><strong>La r\u00e9flexion est l\u2019\u00e9pine dorsale de mon existence<\/strong> : <em>j\u2019analyse, je questionne, j\u2019\u00e9volue sans cesse<\/em><\/p><p>\u00a0<\/p><p><em>L\u2019art s\u2019est impos\u00e9 comme une \u00e9vidence, un langage total, englobant tout ce que je suis et tout ce que je veux devenir<\/em><br \/><em>Il est la confluence de mes qu\u00eates,<\/em><strong> l\u2019expression pure d\u2019un regard conscient sur l\u2019infinie complexit\u00e9 de l\u2019univers et de ses m\u00e9canismes<\/strong><\/p><p>\u00a0<\/p><p><em>Mon cheminement fut jusqu\u2019ici une exploration int\u00e9rieure, guid\u00e9 par la recherche d\u2019exp\u00e9rience, de transcendance<\/em><\/p><p>\u00a0<\/p><p><em>Seulement, l\u2019isolement ne me suffit plus :<\/em> <strong>je ressens d\u00e9sormais une irr\u00e9pressible envie de transmettre, d\u2019ouvrir de nouvelles perspectives<\/strong><\/p><p>\u00a0<\/p><p><strong> Ainsi, je tends la main \u00e0 ceux qui, comme moi, cherchent \u00e0 voir au-del\u00e0<\/strong><\/p>\t\t\t\t\t\t\t\t<\/div>\n\t\t\t\t<\/div>\n\t\t<div class=\"elementor-element elementor-element-34d7f0a e-con-full e-flex e-con e-child\" data-id=\"34d7f0a\" data-element_type=\"container\" data-e-type=\"container\">\n\t\t\t\t<div class=\"elementor-element elementor-element-8d01d9c elementor-widget elementor-widget-image\" data-id=\"8d01d9c\" data-element_type=\"widget\" data-e-type=\"widget\" data-widget_type=\"image.default\">\n\t\t\t\t\t\t\t\t\t\t\t\t\t\t\t<img decoding=\"async\" width=\"800\" height=\"800\" src=\"https:\/\/plemhouse.com\/wp-content\/uploads\/2026\/01\/PLEM-71.svg\" class=\"attachment-large size-large wp-image-1816\" alt=\"\" srcset=\"https:\/\/plemhouse.com\/wp-content\/uploads\/2026\/01\/PLEM-71.svg 100w, https:\/\/plemhouse.com\/wp-content\/uploads\/2026\/01\/PLEM-71.svg 1w, https:\/\/plemhouse.com\/wp-content\/uploads\/2026\/01\/PLEM-71.svg 150w, https:\/\/plemhouse.com\/wp-content\/uploads\/2026\/01\/PLEM-71.svg 300w, https:\/\/plemhouse.com\/wp-content\/uploads\/2026\/01\/PLEM-71.svg 1024w, https:\/\/plemhouse.com\/wp-content\/uploads\/2026\/01\/PLEM-71.svg 1536w, https:\/\/plemhouse.com\/wp-content\/uploads\/2026\/01\/PLEM-71.svg 2048w\" sizes=\"(max-width: 800px) 100vw, 800px\" \/>\t\t\t\t\t\t\t\t\t\t\t\t\t\t\t<\/div>\n\t\t\t\t<\/div>\n\t\t\t\t\t<\/div>\n\t\t\t\t<\/div>\n\t\t<div class=\"elementor-element elementor-element-b29b3fd e-con-full e-flex e-con e-parent\" data-id=\"b29b3fd\" data-element_type=\"container\" data-e-type=\"container\">\n\t\t\t\t<div class=\"elementor-element elementor-element-dd87161 elementor-widget__width-initial elementor-widget elementor-widget-image\" data-id=\"dd87161\" data-element_type=\"widget\" data-e-type=\"widget\" data-widget_type=\"image.default\">\n\t\t\t\t\t\t\t\t\t\t\t\t\t\t\t<img loading=\"lazy\" decoding=\"async\" width=\"800\" height=\"800\" src=\"https:\/\/plemhouse.com\/wp-content\/uploads\/2026\/01\/PLEM-MULTIPLE.svg\" class=\"attachment-large size-large wp-image-1984\" alt=\"\" srcset=\"https:\/\/plemhouse.com\/wp-content\/uploads\/2026\/01\/PLEM-MULTIPLE.svg 100w, https:\/\/plemhouse.com\/wp-content\/uploads\/2026\/01\/PLEM-MULTIPLE.svg 1w, https:\/\/plemhouse.com\/wp-content\/uploads\/2026\/01\/PLEM-MULTIPLE.svg 150w, https:\/\/plemhouse.com\/wp-content\/uploads\/2026\/01\/PLEM-MULTIPLE.svg 300w, https:\/\/plemhouse.com\/wp-content\/uploads\/2026\/01\/PLEM-MULTIPLE.svg 1024w, https:\/\/plemhouse.com\/wp-content\/uploads\/2026\/01\/PLEM-MULTIPLE.svg 1536w, https:\/\/plemhouse.com\/wp-content\/uploads\/2026\/01\/PLEM-MULTIPLE.svg 2048w\" sizes=\"(max-width: 800px) 100vw, 800px\" \/>\t\t\t\t\t\t\t\t\t\t\t\t\t\t\t<\/div>\n\t\t\t\t<\/div>\n\t\t\t\t<\/div>\n\t\t","protected":false},"excerpt":{"rendered":"<p>UN HUMAIN ALTERNATIF Mes cr\u00e9ations refl\u00e8tent l\u2019essence de ma pens\u00e9e en mouvement365 est mon premier \u00e9clat d\u2019\u00e2me offert au mondeLa r\u00e9flexion est l\u2019\u00e9pine dorsale de mon existence : j\u2019analyse, je questionne, j\u2019\u00e9volue sans cesse \u00a0 L\u2019art s\u2019est impos\u00e9 comme une \u00e9vidence, un langage total, englobant tout ce que je suis et tout ce que je [&hellip;]<\/p>\n","protected":false},"author":1,"featured_media":0,"parent":0,"menu_order":0,"comment_status":"closed","ping_status":"closed","template":"elementor_header_footer","meta":{"footnotes":""},"class_list":["post-507","page","type-page","status-publish","hentry"],"_links":{"self":[{"href":"https:\/\/plemhouse.com\/index.php?rest_route=\/wp\/v2\/pages\/507","targetHints":{"allow":["GET"]}}],"collection":[{"href":"https:\/\/plemhouse.com\/index.php?rest_route=\/wp\/v2\/pages"}],"about":[{"href":"https:\/\/plemhouse.com\/index.php?rest_route=\/wp\/v2\/types\/page"}],"author":[{"embeddable":true,"href":"https:\/\/plemhouse.com\/index.php?rest_route=\/wp\/v2\/users\/1"}],"replies":[{"embeddable":true,"href":"https:\/\/plemhouse.com\/index.php?rest_route=%2Fwp%2Fv2%2Fcomments&post=507"}],"version-history":[{"count":0,"href":"https:\/\/plemhouse.com\/index.php?rest_route=\/wp\/v2\/pages\/507\/revisions"}],"wp:attachment":[{"href":"https:\/\/plemhouse.com\/index.php?rest_route=%2Fwp%2Fv2%2Fmedia&parent=507"}],"curies":[{"name":"wp","href":"https:\/\/api.w.org\/{rel}","templated":true}]}}