{"id":1771,"date":"2026-01-22T14:53:58","date_gmt":"2026-01-22T13:53:58","guid":{"rendered":"https:\/\/plemhouse.com\/?page_id=1771"},"modified":"2026-03-17T11:37:55","modified_gmt":"2026-03-17T10:37:55","slug":"test","status":"publish","type":"page","link":"https:\/\/plemhouse.com\/?page_id=1771","title":{"rendered":"livre"},"content":{"rendered":"\t\t<div data-elementor-type=\"wp-page\" data-elementor-id=\"1771\" class=\"elementor elementor-1771\">\n\t\t\t\t<div class=\"elementor-element elementor-element-fda8f56 e-con-full e-flex e-con e-parent\" data-id=\"fda8f56\" data-element_type=\"container\" data-e-type=\"container\">\n\t\t<div class=\"elementor-element elementor-element-7f8106c e-con-full e-flex e-con e-child\" data-id=\"7f8106c\" data-element_type=\"container\" data-e-type=\"container\">\n\t\t\t\t<div class=\"elementor-element elementor-element-02f0971 elementor-widget elementor-widget-image\" data-id=\"02f0971\" data-element_type=\"widget\" data-e-type=\"widget\" data-widget_type=\"image.default\">\n\t\t\t\t\t\t\t\t\t\t\t\t\t\t\t<img fetchpriority=\"high\" decoding=\"async\" width=\"800\" height=\"800\" src=\"https:\/\/plemhouse.com\/wp-content\/uploads\/2026\/01\/PLEM-45.svg\" class=\"attachment-large size-large wp-image-1845\" alt=\"\" srcset=\"https:\/\/plemhouse.com\/wp-content\/uploads\/2026\/01\/PLEM-45.svg 100w, https:\/\/plemhouse.com\/wp-content\/uploads\/2026\/01\/PLEM-45.svg 1w, https:\/\/plemhouse.com\/wp-content\/uploads\/2026\/01\/PLEM-45.svg 150w, https:\/\/plemhouse.com\/wp-content\/uploads\/2026\/01\/PLEM-45.svg 300w, https:\/\/plemhouse.com\/wp-content\/uploads\/2026\/01\/PLEM-45.svg 1024w, https:\/\/plemhouse.com\/wp-content\/uploads\/2026\/01\/PLEM-45.svg 1536w, https:\/\/plemhouse.com\/wp-content\/uploads\/2026\/01\/PLEM-45.svg 2048w\" sizes=\"(max-width: 800px) 100vw, 800px\" \/>\t\t\t\t\t\t\t\t\t\t\t\t\t\t\t<\/div>\n\t\t\t\t<\/div>\n\t\t\t\t<\/div>\n\t\t<div class=\"elementor-element elementor-element-447cbacd e-flex e-con-boxed e-con e-parent\" data-id=\"447cbacd\" data-element_type=\"container\" data-e-type=\"container\">\n\t\t\t\t\t<div class=\"e-con-inner\">\n\t\t<div class=\"elementor-element elementor-element-1352299b e-con-full e-flex e-con e-child\" data-id=\"1352299b\" data-element_type=\"container\" data-e-type=\"container\">\n\t\t\t\t<\/div>\n\t\t<div class=\"elementor-element elementor-element-21da0df4 e-con-full e-flex e-con e-child\" data-id=\"21da0df4\" data-element_type=\"container\" data-e-type=\"container\">\n\t\t\t\t<div class=\"elementor-element elementor-element-3c746a50 elementor-widget elementor-widget-text-editor\" data-id=\"3c746a50\" data-element_type=\"widget\" data-e-type=\"widget\" data-widget_type=\"text-editor.default\">\n\t\t\t\t\t\t\t\t\t<p>Les merveilles se r\u00e9v\u00e8lent \u00e0 ceux qui osent les chercher&#8230;<br \/>PLEM365 est un voyage cr\u00e9atif et introspectif \u00e0 travers un an d\u2019\u00e9criture et d\u2019illustrations<br \/>Un livre pens\u00e9 comme une odyss\u00e9e int\u00e9rieure, entre philosophie, art et contemplation<br \/>Chaque page invite \u00e0 explorer une id\u00e9e, une \u00e9motion, une couleur, pour ouvrir un espace de r\u00e9flexion sensible et authentique<\/p>\t\t\t\t\t\t\t\t<\/div>\n\t\t\t\t<div class=\"elementor-element elementor-element-5e4f7cf5 elementor-widget elementor-widget-text-editor\" data-id=\"5e4f7cf5\" data-element_type=\"widget\" data-e-type=\"widget\" data-widget_type=\"text-editor.default\">\n\t\t\t\t\t\t\t\t\t<p><strong>D\u00e9tails<\/strong><br \/>\u00c9diteur \u200f : \u200e\u00a0PLEM<br \/>Date de publication \u200f : \u200e\u00a01 novembre 2025<br \/>Langue \u200f : \u200e\u00a0Fran\u00e7ais<br \/>Nombre de pages de l&rsquo;\u00e9dition imprim\u00e9e\u00a0 \u200f : \u200e 214 pages<br \/>Poids de l&rsquo;article \u200f : \u200e\u00a0386 g<br \/>Dimensions \u200f : \u200e\u00a015.84 x 1.78 x 23.46 cm<\/p>\t\t\t\t\t\t\t\t<\/div>\n\t\t\t\t<\/div>\n\t\t\t\t\t<\/div>\n\t\t\t\t<\/div>\n\t\t<div class=\"elementor-element elementor-element-e3c3a6b e-con-full e-flex e-con e-parent\" data-id=\"e3c3a6b\" data-element_type=\"container\" data-e-type=\"container\" data-settings=\"{&quot;background_background&quot;:&quot;classic&quot;}\">\n\t\t<div class=\"elementor-element elementor-element-6282f8b e-con-full e-flex e-con e-child\" data-id=\"6282f8b\" data-element_type=\"container\" data-e-type=\"container\" data-settings=\"{&quot;background_background&quot;:&quot;classic&quot;}\">\n\t\t\t\t<\/div>\n\t\t<div class=\"elementor-element elementor-element-983a303 e-con-full e-flex e-con e-child\" data-id=\"983a303\" data-element_type=\"container\" data-e-type=\"container\">\n\t\t<div class=\"elementor-element elementor-element-1bccf5c e-con-full e-flex e-con e-child\" data-id=\"1bccf5c\" data-element_type=\"container\" data-e-type=\"container\">\n\t\t\t\t<div class=\"elementor-element elementor-element-da7139e elementor-widget__width-initial elementor-widget elementor-widget-image\" data-id=\"da7139e\" data-element_type=\"widget\" data-e-type=\"widget\" data-widget_type=\"image.default\">\n\t\t\t\t\t\t\t\t\t\t\t\t\t\t\t<img decoding=\"async\" width=\"800\" height=\"800\" src=\"https:\/\/plemhouse.com\/wp-content\/uploads\/2026\/01\/PLEM-48.svg\" class=\"attachment-large size-large wp-image-1807\" alt=\"\" srcset=\"https:\/\/plemhouse.com\/wp-content\/uploads\/2026\/01\/PLEM-48.svg 100w, https:\/\/plemhouse.com\/wp-content\/uploads\/2026\/01\/PLEM-48.svg 1w, https:\/\/plemhouse.com\/wp-content\/uploads\/2026\/01\/PLEM-48.svg 150w, https:\/\/plemhouse.com\/wp-content\/uploads\/2026\/01\/PLEM-48.svg 300w, https:\/\/plemhouse.com\/wp-content\/uploads\/2026\/01\/PLEM-48.svg 1024w, https:\/\/plemhouse.com\/wp-content\/uploads\/2026\/01\/PLEM-48.svg 1536w, https:\/\/plemhouse.com\/wp-content\/uploads\/2026\/01\/PLEM-48.svg 2048w\" sizes=\"(max-width: 800px) 100vw, 800px\" \/>\t\t\t\t\t\t\t\t\t\t\t\t\t\t\t<\/div>\n\t\t\t\t<div class=\"elementor-element elementor-element-0ec3733 elementor-widget elementor-widget-image\" data-id=\"0ec3733\" data-element_type=\"widget\" data-e-type=\"widget\" data-widget_type=\"image.default\">\n\t\t\t\t\t\t\t\t\t\t\t\t\t\t\t<img decoding=\"async\" width=\"800\" height=\"800\" src=\"https:\/\/plemhouse.com\/wp-content\/uploads\/2026\/01\/PLEM-114.svg\" class=\"attachment-large size-large wp-image-1952\" alt=\"\" srcset=\"https:\/\/plemhouse.com\/wp-content\/uploads\/2026\/01\/PLEM-114.svg 100w, https:\/\/plemhouse.com\/wp-content\/uploads\/2026\/01\/PLEM-114.svg 1w, https:\/\/plemhouse.com\/wp-content\/uploads\/2026\/01\/PLEM-114.svg 150w, https:\/\/plemhouse.com\/wp-content\/uploads\/2026\/01\/PLEM-114.svg 300w, https:\/\/plemhouse.com\/wp-content\/uploads\/2026\/01\/PLEM-114.svg 1024w, https:\/\/plemhouse.com\/wp-content\/uploads\/2026\/01\/PLEM-114.svg 1536w, https:\/\/plemhouse.com\/wp-content\/uploads\/2026\/01\/PLEM-114.svg 2048w\" sizes=\"(max-width: 800px) 100vw, 800px\" \/>\t\t\t\t\t\t\t\t\t\t\t\t\t\t\t<\/div>\n\t\t\t\t<div class=\"elementor-element elementor-element-d0de34e elementor-widget elementor-widget-heading\" data-id=\"d0de34e\" data-element_type=\"widget\" data-e-type=\"widget\" data-widget_type=\"heading.default\">\n\t\t\t\t\t<h2 class=\"elementor-heading-title elementor-size-default\">concept - mot - couleur<\/h2>\t\t\t\t<\/div>\n\t\t\t\t<div class=\"elementor-element elementor-element-da04ce6 elementor-widget-mobile__width-initial elementor-widget elementor-widget-text-editor\" data-id=\"da04ce6\" data-element_type=\"widget\" data-e-type=\"widget\" data-widget_type=\"text-editor.default\">\n\t\t\t\t\t\t\t\t\t<p><span style=\"font-weight: 900;\">PLEM365<\/span> est une exp\u00e9rience artistique, cr\u00e9ative et philosophique d\u2019une ann\u00e9e o\u00f9 chaque jour je<br \/>m\u2019inspire d\u2019un concept, un mot et une couleur<\/p>\t\t\t\t\t\t\t\t<\/div>\n\t\t\t\t<\/div>\n\t\t\t\t<\/div>\n\t\t\t\t<\/div>\n\t\t<div class=\"elementor-element elementor-element-7e03c2d e-con-full e-flex e-con e-parent\" data-id=\"7e03c2d\" data-element_type=\"container\" data-e-type=\"container\">\n\t\t<div class=\"elementor-element elementor-element-311cb7c e-con-full e-flex e-con e-child\" data-id=\"311cb7c\" data-element_type=\"container\" data-e-type=\"container\">\n\t\t\t\t<div class=\"elementor-element elementor-element-fd261e5 elementor-widget elementor-widget-image\" data-id=\"fd261e5\" data-element_type=\"widget\" data-e-type=\"widget\" data-widget_type=\"image.default\">\n\t\t\t\t\t\t\t\t\t\t\t\t\t\t\t<img loading=\"lazy\" decoding=\"async\" width=\"800\" height=\"800\" src=\"https:\/\/plemhouse.com\/wp-content\/uploads\/2026\/01\/PLEM-52.svg\" class=\"attachment-large size-large wp-image-1809\" alt=\"\" srcset=\"https:\/\/plemhouse.com\/wp-content\/uploads\/2026\/01\/PLEM-52.svg 100w, https:\/\/plemhouse.com\/wp-content\/uploads\/2026\/01\/PLEM-52.svg 1w, https:\/\/plemhouse.com\/wp-content\/uploads\/2026\/01\/PLEM-52.svg 150w, https:\/\/plemhouse.com\/wp-content\/uploads\/2026\/01\/PLEM-52.svg 300w, https:\/\/plemhouse.com\/wp-content\/uploads\/2026\/01\/PLEM-52.svg 1024w, https:\/\/plemhouse.com\/wp-content\/uploads\/2026\/01\/PLEM-52.svg 1536w, https:\/\/plemhouse.com\/wp-content\/uploads\/2026\/01\/PLEM-52.svg 2048w\" sizes=\"(max-width: 800px) 100vw, 800px\" \/>\t\t\t\t\t\t\t\t\t\t\t\t\t\t\t<\/div>\n\t\t\t\t<div class=\"elementor-element elementor-element-2ff5863 elementor-widget elementor-widget-image\" data-id=\"2ff5863\" data-element_type=\"widget\" data-e-type=\"widget\" data-widget_type=\"image.default\">\n\t\t\t\t\t\t\t\t\t\t\t\t\t\t\t<img loading=\"lazy\" decoding=\"async\" width=\"800\" height=\"800\" src=\"https:\/\/plemhouse.com\/wp-content\/uploads\/2026\/01\/PLEM-115.svg\" class=\"attachment-large size-large wp-image-1953\" alt=\"\" srcset=\"https:\/\/plemhouse.com\/wp-content\/uploads\/2026\/01\/PLEM-115.svg 100w, https:\/\/plemhouse.com\/wp-content\/uploads\/2026\/01\/PLEM-115.svg 1w, https:\/\/plemhouse.com\/wp-content\/uploads\/2026\/01\/PLEM-115.svg 150w, https:\/\/plemhouse.com\/wp-content\/uploads\/2026\/01\/PLEM-115.svg 300w, https:\/\/plemhouse.com\/wp-content\/uploads\/2026\/01\/PLEM-115.svg 1024w, https:\/\/plemhouse.com\/wp-content\/uploads\/2026\/01\/PLEM-115.svg 1536w, https:\/\/plemhouse.com\/wp-content\/uploads\/2026\/01\/PLEM-115.svg 2048w\" sizes=\"(max-width: 800px) 100vw, 800px\" \/>\t\t\t\t\t\t\t\t\t\t\t\t\t\t\t<\/div>\n\t\t\t\t<div class=\"elementor-element elementor-element-45f44f5 elementor-widget elementor-widget-heading\" data-id=\"45f44f5\" data-element_type=\"widget\" data-e-type=\"widget\" data-widget_type=\"heading.default\">\n\t\t\t\t\t<h2 class=\"elementor-heading-title elementor-size-default\">oeuvres - expressions <\/h2>\t\t\t\t<\/div>\n\t\t\t\t<div class=\"elementor-element elementor-element-8f8ef4d elementor-widget__width-initial elementor-widget elementor-widget-text-editor\" data-id=\"8f8ef4d\" data-element_type=\"widget\" data-e-type=\"widget\" data-widget_type=\"text-editor.default\">\n\t\t\t\t\t\t\t\t\t<p>Mon exploration se fait \u00e0 travers deux formes d\u2019art :\u00a0<\/p>\t\t\t\t\t\t\t\t<\/div>\n\t\t\t\t<div class=\"elementor-element elementor-element-d204381 elementor-widget__width-initial elementor-widget elementor-widget-text-editor\" data-id=\"d204381\" data-element_type=\"widget\" data-e-type=\"widget\" data-widget_type=\"text-editor.default\">\n\t\t\t\t\t\t\t\t\t<p><strong>le verbe et le trait<\/strong><br \/>Un livre par saison pour \u00e9veiller la curiosit\u00e9, ouvrir les consciences et inviter \u00e0 la r\u00e9flexion<\/p>\t\t\t\t\t\t\t\t<\/div>\n\t\t\t\t<\/div>\n\t\t<div class=\"elementor-element elementor-element-6d8e644 e-con-full e-flex e-con e-child\" data-id=\"6d8e644\" data-element_type=\"container\" data-e-type=\"container\">\n\t\t<div class=\"elementor-element elementor-element-bc5f3b8 e-con-full e-flex e-con e-child\" data-id=\"bc5f3b8\" data-element_type=\"container\" data-e-type=\"container\">\n\t\t\t\t<div class=\"elementor-element elementor-element-e1432bc elementor-widget elementor-widget-text-editor\" data-id=\"e1432bc\" data-element_type=\"widget\" data-e-type=\"widget\" data-widget_type=\"text-editor.default\">\n\t\t\t\t\t\t\t\t\t<p><span style=\"font-weight: 900;\">PLEM365<\/span> cr\u00e9ations &#8211; 4 saisons<\/p>\t\t\t\t\t\t\t\t<\/div>\n\t\t\t\t<\/div>\n\t\t<div class=\"elementor-element elementor-element-f75d7fa e-con-full e-flex e-con e-child\" data-id=\"f75d7fa\" data-element_type=\"container\" data-e-type=\"container\">\n\t\t<div class=\"elementor-element elementor-element-73613da e-con-full e-flex e-con e-child\" data-id=\"73613da\" data-element_type=\"container\" data-e-type=\"container\">\n\t\t<div class=\"elementor-element elementor-element-dbf9cfc e-con-full e-flex e-con e-child\" data-id=\"dbf9cfc\" data-element_type=\"container\" data-e-type=\"container\">\n\t\t\t\t<div class=\"elementor-element elementor-element-4d8ce64 elementor-widget__width-initial elementor-widget-tablet__width-initial elementor-widget elementor-widget-image\" data-id=\"4d8ce64\" data-element_type=\"widget\" data-e-type=\"widget\" data-widget_type=\"image.default\">\n\t\t\t\t\t\t\t\t\t\t\t\t\t\t\t<img loading=\"lazy\" decoding=\"async\" width=\"646\" height=\"1024\" src=\"https:\/\/plemhouse.com\/wp-content\/uploads\/2025\/11\/PLEM-1ERE-COUVERTURE-1.png\" class=\"attachment-large size-large wp-image-199\" alt=\"\" srcset=\"https:\/\/plemhouse.com\/wp-content\/uploads\/2025\/11\/PLEM-1ERE-COUVERTURE-1.png 757w, https:\/\/plemhouse.com\/wp-content\/uploads\/2025\/11\/PLEM-1ERE-COUVERTURE-1-1x2.png 1w\" sizes=\"(max-width: 646px) 100vw, 646px\" \/>\t\t\t\t\t\t\t\t\t\t\t\t\t\t\t<\/div>\n\t\t\t\t<\/div>\n\t\t<div class=\"elementor-element elementor-element-96d3bba e-con-full e-flex e-con e-child\" data-id=\"96d3bba\" data-element_type=\"container\" data-e-type=\"container\">\n\t\t\t\t<div class=\"elementor-element elementor-element-8e4ebe2 elementor-widget__width-initial elementor-widget elementor-widget-image\" data-id=\"8e4ebe2\" data-element_type=\"widget\" data-e-type=\"widget\" data-widget_type=\"image.default\">\n\t\t\t\t\t\t\t\t\t\t\t\t\t\t\t<img loading=\"lazy\" decoding=\"async\" width=\"646\" height=\"1024\" src=\"https:\/\/plemhouse.com\/wp-content\/uploads\/2026\/01\/PLEM-1ERE-COUVERTURE-copie-646x1024.png\" class=\"attachment-large size-large wp-image-1846\" alt=\"\" srcset=\"https:\/\/plemhouse.com\/wp-content\/uploads\/2026\/01\/PLEM-1ERE-COUVERTURE-copie-646x1024.png 646w, https:\/\/plemhouse.com\/wp-content\/uploads\/2026\/01\/PLEM-1ERE-COUVERTURE-copie-1x2.png 1w, https:\/\/plemhouse.com\/wp-content\/uploads\/2026\/01\/PLEM-1ERE-COUVERTURE-copie-189x300.png 189w, https:\/\/plemhouse.com\/wp-content\/uploads\/2026\/01\/PLEM-1ERE-COUVERTURE-copie.png 757w\" sizes=\"(max-width: 646px) 100vw, 646px\" \/>\t\t\t\t\t\t\t\t\t\t\t\t\t\t\t<\/div>\n\t\t\t\t<\/div>\n\t\t\t\t<\/div>\n\t\t\t\t<\/div>\n\t\t<div class=\"elementor-element elementor-element-427c42e e-flex e-con-boxed e-con e-child\" data-id=\"427c42e\" data-element_type=\"container\" data-e-type=\"container\">\n\t\t\t\t\t<div class=\"e-con-inner\">\n\t\t\t\t<div class=\"elementor-element elementor-element-9fd1216 elementor-widget elementor-widget-text-editor\" data-id=\"9fd1216\" data-element_type=\"widget\" data-e-type=\"widget\" data-widget_type=\"text-editor.default\">\n\t\t\t\t\t\t\t\t\t<p>le livre 1 : <strong>SPRING<\/strong><\/p>\t\t\t\t\t\t\t\t<\/div>\n\t\t\t\t\t<\/div>\n\t\t\t\t<\/div>\n\t\t\t\t<\/div>\n\t\t\t\t<\/div>\n\t\t<div class=\"elementor-element elementor-element-9e7d9ba e-flex e-con-boxed e-con e-parent\" data-id=\"9e7d9ba\" data-element_type=\"container\" data-e-type=\"container\">\n\t\t\t\t\t<div class=\"e-con-inner\">\n\t\t\t\t<div class=\"elementor-element elementor-element-011411d elementor-widget__width-initial elementor-widget elementor-widget-image\" data-id=\"011411d\" data-element_type=\"widget\" data-e-type=\"widget\" data-widget_type=\"image.default\">\n\t\t\t\t\t\t\t\t\t\t\t\t\t\t\t<img loading=\"lazy\" decoding=\"async\" width=\"800\" height=\"800\" src=\"https:\/\/plemhouse.com\/wp-content\/uploads\/2026\/01\/PLEM-78.svg\" class=\"attachment-large size-large wp-image-1819\" alt=\"\" srcset=\"https:\/\/plemhouse.com\/wp-content\/uploads\/2026\/01\/PLEM-78.svg 100w, https:\/\/plemhouse.com\/wp-content\/uploads\/2026\/01\/PLEM-78.svg 1w, https:\/\/plemhouse.com\/wp-content\/uploads\/2026\/01\/PLEM-78.svg 150w, https:\/\/plemhouse.com\/wp-content\/uploads\/2026\/01\/PLEM-78.svg 300w, https:\/\/plemhouse.com\/wp-content\/uploads\/2026\/01\/PLEM-78.svg 1024w, https:\/\/plemhouse.com\/wp-content\/uploads\/2026\/01\/PLEM-78.svg 1536w, https:\/\/plemhouse.com\/wp-content\/uploads\/2026\/01\/PLEM-78.svg 2048w\" sizes=\"(max-width: 800px) 100vw, 800px\" \/>\t\t\t\t\t\t\t\t\t\t\t\t\t\t\t<\/div>\n\t\t\t\t\t<\/div>\n\t\t\t\t<\/div>\n\t\t<div class=\"elementor-element elementor-element-70330f0 e-con-full e-flex e-con e-parent\" data-id=\"70330f0\" data-element_type=\"container\" data-e-type=\"container\" data-settings=\"{&quot;background_background&quot;:&quot;classic&quot;}\">\n\t\t<div class=\"elementor-element elementor-element-97c2466 e-con-full e-flex e-con e-child\" data-id=\"97c2466\" data-element_type=\"container\" data-e-type=\"container\" data-settings=\"{&quot;background_background&quot;:&quot;classic&quot;}\">\n\t\t\t\t<div class=\"elementor-element elementor-element-a29e8b1 elementor-widget__width-initial elementor-widget-mobile__width-initial elementor-hidden-tablet elementor-widget elementor-widget-image\" data-id=\"a29e8b1\" data-element_type=\"widget\" data-e-type=\"widget\" data-widget_type=\"image.default\">\n\t\t\t\t\t\t\t\t\t\t\t\t\t\t\t<img loading=\"lazy\" decoding=\"async\" width=\"800\" height=\"800\" src=\"https:\/\/plemhouse.com\/wp-content\/uploads\/2026\/02\/PLEM-9863-1-scaled-e1772013276987.jpg\" class=\"attachment-large size-large wp-image-3090\" alt=\"\" srcset=\"https:\/\/plemhouse.com\/wp-content\/uploads\/2026\/02\/PLEM-9863-1-scaled-e1772013276987.jpg 1707w, https:\/\/plemhouse.com\/wp-content\/uploads\/2026\/02\/PLEM-9863-1-scaled-e1772013276987-100x100.jpg 100w, https:\/\/plemhouse.com\/wp-content\/uploads\/2026\/02\/PLEM-9863-1-scaled-e1772013276987-1x1.jpg 1w\" sizes=\"(max-width: 800px) 100vw, 800px\" \/>\t\t\t\t\t\t\t\t\t\t\t\t\t\t\t<\/div>\n\t\t\t\t<\/div>\n\t\t<div class=\"elementor-element elementor-element-6fbab51 e-con-full e-flex e-con e-child\" data-id=\"6fbab51\" data-element_type=\"container\" data-e-type=\"container\">\n\t\t<div class=\"elementor-element elementor-element-4620e77 e-flex e-con-boxed e-con e-child\" data-id=\"4620e77\" data-element_type=\"container\" data-e-type=\"container\">\n\t\t\t\t\t<div class=\"e-con-inner\">\n\t\t\t\t<div class=\"elementor-element elementor-element-77dcf38 elementor-widget-tablet__width-initial elementor-widget elementor-widget-text-editor\" data-id=\"77dcf38\" data-element_type=\"widget\" data-e-type=\"widget\" data-widget_type=\"text-editor.default\">\n\t\t\t\t\t\t\t\t\t<p><strong>Les merveilles se r\u00e9v\u00e8lent \u00e0 ceux qui osent les chercher. <\/strong><\/p><p>Et tout me laisse \u00e0 penser que si tu en es convaincu toi aussi, alors\u00a0<em>tu es d\u00e9j\u00e0<\/em> sur le seuil.<\/p><p><span style=\"font-weight: 900;\">PLEM365<\/span> est une exp\u00e9rience cr\u00e9ative et philosophique d\u2019une ann\u00e9e, o\u00f9 chaque jour j\u2019explore un concept, un mot et une couleur \u00e0 travers deux formes d\u2019art : le verbe et le trait. Quatre livres pour quatre saisons, un cycle complet d\u2019exploration et d\u2019invitation \u00e0 la r\u00e9flexion.<\/p><p>Je t\u2019accompagnerai tout au long de cette <strong>odyss\u00e9e introspective<\/strong>, entre\u00a0<strong>tableaux int\u00e9rieurs<\/strong>\u00a0et\u00a0<strong>murmures de conscience<\/strong>.<\/p><p>Ce livre est <em>une\u00a0aspiration \u00e0 l\u2019\u00e9l\u00e9vation<\/em>, <strong>une\u00a0affirmation de soi \u00e0 travers l\u2019art<\/strong>, un\u00a0<strong>\u00e9lan spontan\u00e9\u00a0<\/strong>issu d<em>u\u00a0pur plaisir de cr\u00e9er<\/em>.\u2028Il explore la\u00a0<strong>transcendance<\/strong>, la\u00a0<strong>rupture avec les compromissions<\/strong>, et invite \u00e0\u00a0<strong>m\u00e9diter sur un large spectre de sujets\u2026<\/strong><\/p><p>\u00c0 travers mes histoires, parfois r\u00e9elles, parfois voil\u00e9es de fiction, j\u2019offre un\u00a0<strong>espace de contemplation<\/strong>, une\u00a0<strong>source d\u2019inspiration<\/strong>\u00a0pour assouvir ce\u00a0<strong>besoin visc\u00e9ral<\/strong>\u00a0d\u2019initier quelque chose qui nous d\u00e9passe.\u2028\u2028<em>Si ces mots r\u00e9sonnent en toi\u2026 alors commen\u00e7ons\u00a0le voyage.<\/em><\/p>\t\t\t\t\t\t\t\t<\/div>\n\t\t\t\t\t<\/div>\n\t\t\t\t<\/div>\n\t\t\t\t<\/div>\n\t\t\t\t<\/div>\n\t\t\t\t<\/div>\n\t\t","protected":false},"excerpt":{"rendered":"<p>LIVRE SPRING &#8211; PLEM365 38,00&nbsp;&euro; Les merveilles se r\u00e9v\u00e8lent \u00e0 ceux qui osent les chercher&#8230;PLEM365 est un voyage cr\u00e9atif et introspectif \u00e0 travers un an d\u2019\u00e9criture et d\u2019illustrationsUn livre pens\u00e9 comme une odyss\u00e9e int\u00e9rieure, entre philosophie, art et contemplationChaque page invite \u00e0 explorer une id\u00e9e, une \u00e9motion, une couleur, pour ouvrir un espace de r\u00e9flexion [&hellip;]<\/p>\n","protected":false},"author":1,"featured_media":0,"parent":0,"menu_order":0,"comment_status":"closed","ping_status":"closed","template":"elementor_header_footer","meta":{"footnotes":""},"class_list":["post-1771","page","type-page","status-publish","hentry"],"_links":{"self":[{"href":"https:\/\/plemhouse.com\/index.php?rest_route=\/wp\/v2\/pages\/1771","targetHints":{"allow":["GET"]}}],"collection":[{"href":"https:\/\/plemhouse.com\/index.php?rest_route=\/wp\/v2\/pages"}],"about":[{"href":"https:\/\/plemhouse.com\/index.php?rest_route=\/wp\/v2\/types\/page"}],"author":[{"embeddable":true,"href":"https:\/\/plemhouse.com\/index.php?rest_route=\/wp\/v2\/users\/1"}],"replies":[{"embeddable":true,"href":"https:\/\/plemhouse.com\/index.php?rest_route=%2Fwp%2Fv2%2Fcomments&post=1771"}],"version-history":[{"count":0,"href":"https:\/\/plemhouse.com\/index.php?rest_route=\/wp\/v2\/pages\/1771\/revisions"}],"wp:attachment":[{"href":"https:\/\/plemhouse.com\/index.php?rest_route=%2Fwp%2Fv2%2Fmedia&parent=1771"}],"curies":[{"name":"wp","href":"https:\/\/api.w.org\/{rel}","templated":true}]}}